{"id":83370,"date":"2026-04-27T23:25:57","date_gmt":"2026-04-27T23:25:57","guid":{"rendered":"https:\/\/th.webtestsdev.com\/brushbeater-store\/product\/agm-clarion-thermal-scope\/"},"modified":"2026-05-07T18:20:56","modified_gmt":"2026-05-07T18:20:56","slug":"agm-clarion-thermal-scope","status":"publish","type":"product","link":"https:\/\/th.webtestsdev.com\/brushbeater-store\/product\/agm-clarion-thermal-scope\/","title":{"rendered":"AGM Clarion Thermal Scope"},"content":{"rendered":"<div id=\"description\" class=\"row\">\n<div class=\"col-xl-12 col-lg-12 col-md-12 col-sm-12\">\n<div class=\"product-card-description-title\">\n<h2>Description And features<\/h2>\n<hr \/>\n<\/div>\n<div class=\"product-card-description-text\">\n<p><span class=\"fontstyle0\">The NEW Clarion dual base magnification thermal scope is one of the most technologically advanced thermal scopes in the world. The new Clarion scopes were meticulously designed to solve one of the biggest problems many night hunters face, which is selecting which lens size\/sensor configuration will provide the optical base magnification and field of view for each hunter\u2019s primary application.\u00a0<\/span>The Clarion alleviates this concern by incorporating a dual-lens optical system that has the ability to mechanically alternate between a 25mm lens or a 50mm lens. This feature alters the base magnification and field of view with no degradation of the image resolution!<\/p>\n<p>With the Clarion 384, Night Hunters can now use the benefits of a 25mm lens with a base magnification of 2x and a wider FOV (10.5\u00b0 \u00d7 7.9\u00b0\u00a0or 53 ft @ 100 yards) then quickly switch to a 50mm lens with a base magnification of 4.5x and a narrower FOV (5.3\u00b0 \u00d7 4.0\u00b0\u00a0or 27 ft @ 100 yards) to really make sure your positive identification and shot placement is on point!<\/p>\n<p>With the Clarion 640, Night Hunters can now use the benefits of a 35mm lens with a base magnification of 2x and a wider FOV (12.5\u00b0 \u00d7 10.0\u00b0 or 65 ft @ 100 yards) then quickly switch to a 60mm lens with a base magnification of 3x and a narrower FOV (7.3\u00b0 \u00d7 5.9\u00b0 or 38 ft @ 100 yards).<\/p>\n<p>This dual base magnification flexibility is a new evolution in electro-optics and it will provide hunters with the versatility to optimize their optic for the specific geography and animals which they are hunting whether it be hogs in the eastern fields, or coyotes in the western deserts!<\/p>\n<p>This new design is also paired with the most sensitive thermal sensor temperature rating in its class, coming it at a mind-bending sub-20 milikelvin.<\/p>\n<p><span class=\"fontstyle0\">Although the Clarion implements an advanced new optical system, they didn\u2019t cut any corners with any of the design elements that hunters have come to expect from the AGM brand, including: high-quality 384&#215;288 12-micron thermal sensor, removable rechargeable battery, up to 11 hours of continuous battery life on a single charge (2 batteries included), 10 internal reticle options, 5 different customizable zeroing profiles, 10 different brightness and contrast settings, wifi hotspot capability, built-in recording w\/sound and image capture storage, AGM Connect app compatibility, 4 different reticle colors, 4 color palettes, 5 image sharpness settings and a high-quality American Defense mount which work well with both AR and bolt-action shooting platforms.<\/span><br \/>\n<br style=\"font-variant-numeric: normal; font-variant-east-asian: normal; font-variant-alternates: normal; font-variant-position: normal; line-height: normal; text-align: -webkit-auto; text-size-adjust: auto;\" \/><\/p>\n<p><u><span style=\"color: #ce0000;\"><b>Warning<\/b><\/span><\/u><u><span style=\"color: #ce0000;\"><span style=\"font-size: 14px;\">:<\/span><\/span><\/u>\u00a0California&#8217;s Proposition 65<\/p>\n<div class=\"wraper-video\"><\/div>\n<\/div>\n<div class=\"product-card-description-list\">\n<ul>\n<li>Dual focus objective lens &#8211; 25mm\/50mm<\/li>\n<li>12\u03bcm thermal detector<\/li>\n<li>Superior sub-20 milikelvin thermal sensitivity<\/li>\n<li>Fast 50Hz imaging<\/li>\n<li>High resolution OLED display<\/li>\n<li>Adjustable color palettes<\/li>\n<li>Various reticle types and colors<\/li>\n<li>1x, 2x, 4x, 8x digital zoom<\/li>\n<li>On-board video\/audio recording and image capture<\/li>\n<li>Built-in EMMC storage (16 GB)<\/li>\n<li>Shot Activated Recording (SAR)<\/li>\n<li>Wi-Fi data transmission<\/li>\n<li>Stadiametric rangefinder<\/li>\n<li>Standby mode<\/li>\n<li>11 hours battery life (depending on model)<\/li>\n<li>External power supply compatibility<\/li>\n<li>Waterproof &amp; shockproof<\/li>\n<li>5-year warranty<\/li>\n<\/ul>\n<div class=\"container\">\n<div class=\"row\">\n<div class=\"col-xl-9 col-lg-9 col-md-12 col-sm-12\">\n<div class=\"product-card-specifications-title\">\n<h2>Specifications<\/h2>\n<hr \/>\n<\/div>\n<div class=\"product-card-specifications-list\">\n<div class=\"compare-table compare-table--2cols\">\n<div class=\"compare-table-cell compres-first\">\n<p>Dimensions<\/p>\n<\/div>\n<div class=\"compare-table-cell compres-secont\">\n<p>241 \u00d7 73 \u00d7 67 mm (9.5 \u00d7 2.9 \u00d7 2.6 in)<\/p>\n<\/div>\n<div class=\"compare-table-cell compres-first\">\n<p>Palettes<\/p>\n<\/div>\n<div class=\"compare-table-cell compres-secont\">\n<p>Black hot, White hot, Red hot, Fusion<\/p>\n<\/div>\n<div class=\"compare-table-cell compres-first\">\n<p>Exit Pupil Diameter<\/p>\n<\/div>\n<div class=\"compare-table-cell compres-secont\">\n<p>6 mm<\/p>\n<\/div>\n<div class=\"compare-table-cell compres-first\">\n<p>Reticle<\/p>\n<\/div>\n<div class=\"compare-table-cell compres-secont\">\n<p>10 types, 4 colors, on\/off<\/p>\n<\/div>\n<div class=\"compare-table-cell compres-first\">\n<p>Boresight Adjustment<\/p>\n<\/div>\n<div class=\"compare-table-cell compres-secont\">\n<p>Digital Controlled<\/p>\n<\/div>\n<div class=\"compare-table-cell compres-first\">\n<p>Distance Measurement<\/p>\n<\/div>\n<div class=\"compare-table-cell compres-secont\">\n<p>Yes (Stadiametric)<\/p>\n<\/div>\n<div class=\"compare-table-cell compres-first\">\n<p>Scene Mode<\/p>\n<\/div>\n<div class=\"compare-table-cell compres-secont\">\n<p>Cold, Warm<\/p>\n<\/div>\n<div class=\"compare-table-cell compres-first\">\n<p>Picture In Picture Mode (PIP)<\/p>\n<\/div>\n<div class=\"compare-table-cell compres-secont\">\n<p>Yes<\/p>\n<\/div>\n<div class=\"compare-table-cell compres-first\">\n<p>Video Recording<\/p>\n<\/div>\n<div class=\"compare-table-cell compres-secont\">\n<p>Yes<\/p>\n<\/div>\n<div class=\"compare-table-cell compres-first\">\n<p>Magnification<\/p>\n<\/div>\n<div class=\"compare-table-cell compres-secont\">\n<p>2\u00d7 &#8211; 16\u00d7 \/ 4.5\u00d7 &#8211; 36\u00d7<\/p>\n<\/div>\n<div class=\"compare-table-cell compres-first\">\n<p>Detector type<\/p>\n<\/div>\n<div class=\"compare-table-cell compres-secont\">\n<p>12\u03bcm VOx Uncooled Focal Plane Array<\/p>\n<\/div>\n<div class=\"compare-table-cell compres-first\">\n<p>FFC (Flat Field Correction)<\/p>\n<\/div>\n<div class=\"compare-table-cell compres-secont\">\n<p>Yes<\/p>\n<\/div>\n<div class=\"compare-table-cell compres-first\">\n<p>Standby Mode<\/p>\n<\/div>\n<div class=\"compare-table-cell compres-secont\">\n<p>Yes<\/p>\n<\/div>\n<div class=\"compare-table-cell compres-first\">\n<p>Refresh rate<\/p>\n<\/div>\n<div class=\"compare-table-cell compres-secont\">\n<p>50 Hz<\/p>\n<\/div>\n<div class=\"compare-table-cell compres-first\">\n<p>Resolution<\/p>\n<\/div>\n<div class=\"compare-table-cell compres-secont\">\n<p>384 \u00d7 288<\/p>\n<\/div>\n<div class=\"compare-table-cell compres-first\">\n<p>Detection Range (6&#8242; object)<\/p>\n<\/div>\n<div class=\"compare-table-cell compres-secont\">\n<p>1200 m\/yd \/ 2600 m\/yd<\/p>\n<\/div>\n<div class=\"compare-table-cell compres-first\">\n<p>Lens system<\/p>\n<\/div>\n<div class=\"compare-table-cell compres-secont\">\n<p>25 mm; F0.8 \/ 50 mm; F1.0<\/p>\n<\/div>\n<div class=\"compare-table-cell compres-first\">\n<p>NETD<\/p>\n<\/div>\n<div class=\"compare-table-cell compres-secont\">\n<p>Less than 20 mK (25\u00b0C, F# = 1.0)<\/p>\n<\/div>\n<div class=\"compare-table-cell compres-first\">\n<p>Protection level<\/p>\n<\/div>\n<div class=\"compare-table-cell compres-secont\">\n<p>IP67<\/p>\n<\/div>\n<div class=\"compare-table-cell compres-first\">\n<p>Field of view (H \u00d7 X)<\/p>\n<\/div>\n<div class=\"compare-table-cell compres-secont\">\n<p>10.5\u00b0 \u00d7 7.9\u00b0 \/ 5.3\u00b0 \u00d7 4.0\u00b0<\/p>\n<\/div>\n<div class=\"compare-table-cell compres-first\">\n<p>Digital zoom<\/p>\n<\/div>\n<div class=\"compare-table-cell compres-secont\">\n<p>1\u00d7, 2\u00d7, 4\u00d7, 8\u00d7<\/p>\n<\/div>\n<div class=\"compare-table-cell compres-first\">\n<p>Diopter adjustment range<\/p>\n<\/div>\n<div class=\"compare-table-cell compres-secont\">\n<p>-5 to +5 diopters<\/p>\n<\/div>\n<div class=\"compare-table-cell compres-first\">\n<p>Focusing range<\/p>\n<\/div>\n<div class=\"compare-table-cell compres-secont\">\n<p>4 m to infinity \/ 10 m to infinity<\/p>\n<\/div>\n<div class=\"compare-table-cell compres-first\">\n<p>Hot Track<\/p>\n<\/div>\n<div class=\"compare-table-cell compres-secont\">\n<p>Yes<\/p>\n<\/div>\n<div class=\"compare-table-cell compres-first\">\n<p>Eye relief<\/p>\n<\/div>\n<div class=\"compare-table-cell compres-secont\">\n<p>45 mm<\/p>\n<\/div>\n<div class=\"compare-table-cell compres-first\">\n<p>Display<\/p>\n<\/div>\n<div class=\"compare-table-cell compres-secont\">\n<p>0.39-inch, OLED, 1024\u00d7768<\/p>\n<\/div>\n<div class=\"compare-table-cell compres-first\">\n<p>Storage<\/p>\n<\/div>\n<div class=\"compare-table-cell compres-secont\">\n<p>Built-in EMMC (16 GB)<\/p>\n<\/div>\n<div class=\"compare-table-cell compres-first\">\n<p>Capture Snapshot<\/p>\n<\/div>\n<div class=\"compare-table-cell compres-secont\">\n<p>Yes<\/p>\n<\/div>\n<div class=\"compare-table-cell compres-first\">\n<p>Battery Type<\/p>\n<\/div>\n<div class=\"compare-table-cell compres-secont\">\n<p>Replaceable and Rechargeable Li-ion Battery<\/p>\n<\/div>\n<div class=\"compare-table-cell compres-first\">\n<p>Wi-Fi<\/p>\n<\/div>\n<div class=\"compare-table-cell compres-secont\">\n<p>Yes<\/p>\n<\/div>\n<div class=\"compare-table-cell compres-first\">\n<p>Battery Life (Operating)<\/p>\n<\/div>\n<div class=\"compare-table-cell compres-secont\">\n<p>\u2265 11 h (25\u00b0C, hotspot off)<\/p>\n<\/div>\n<div class=\"compare-table-cell compres-first\">\n<p>External power supply<\/p>\n<\/div>\n<div class=\"compare-table-cell compres-secont\">\n<p>5 VDC, 2 A, USB Type-C<\/p>\n<\/div>\n<div class=\"compare-table-cell compres-first\">\n<p>Weight<\/p>\n<\/div>\n<div class=\"compare-table-cell compres-secont\">\n<p>0.75 kg (1.65 lb)<\/p>\n<\/div>\n<div class=\"compare-table-cell compres-first\">\n<p>Package Includes<\/p>\n<\/div>\n<div class=\"compare-table-cell compres-secont\">\n<p>Thermal Imaging Rifle Scope, Mount, Two Rechargeable Battery, Charger, USB Cable, Lens Cloth, Manual, Carrying Case<\/p>\n<p>&nbsp;<\/p>\n<div class=\"product-card-charact\">\n<div class=\"product-card-charact-title\">\n<div class=\"tag-h3\">Characteristics<\/div>\n<\/div>\n<div class=\"product-card-charact-text\">\n<p>Detector type:\u00a012\u03bcm VOx Uncooled Focal Plane Array<\/p>\n<p>Refresh rate: 50 Hz<\/p>\n<p>Resolution: 384 x 288<\/p>\n<p>Base Magnification: 2\u00d7 &#8211; 16\u00d7 \/ 4.5\u00d7 &#8211; 36\u00d7<\/p>\n<p>FOV: 10.5\u00b0 \u00d7 7.9\u00b0 \/ 5.3\u00b0 \u00d7 4.0\u00b0<\/p>\n<\/div>\n<\/div>\n<div class=\"product-card-package\">\n<div class=\"product-card-package-title\">\n<div class=\"tag-h3\">Package Includes<\/div>\n<\/div>\n<div class=\"product-card-package-list\">\n<p>&nbsp;<\/p>\n<ul>\n<li>Mount<\/li>\n<li>Two Rechargeable Batteries<\/li>\n<li>Battery Charger<\/li>\n<li>USB Cable<\/li>\n<li>Lens Cloth<\/li>\n<li>Owners Manual<\/li>\n<li>Carrying Case<\/li>\n<\/ul>\n<\/div>\n<\/div>\n<div class=\"product-card-download\">\n<div class=\"product-card-download-title\">\n<div class=\"tag-h3\">Downloads:<\/div>\n<\/div>\n<div class=\"product-card-download-link pdf-file-url\"><a href=\"https:\/\/www.agmglobalvision.com\/image\/catalog\/product-pdf-doc\/1709045678_AGM_Clarion_Datasheet_v240227.pdf\" target=\"_blank\" rel=\"noopener noreferrer nofollow\">Data Sheet<\/a><\/div>\n<div class=\"product-card-download-link pdf-user-manual-url\"><a href=\"https:\/\/www.agmglobalvision.com\/image\/catalog\/product-pdf-doc\/1709682275_AGM-Clarion-Manual_231124.pdf\" target=\"_blank\" rel=\"noopener noreferrer nofollow\">User Manual<\/a><\/div>\n<\/div>\n<div class=\"product-card-export\">\n<div class=\"product-card-export-title\">\n<h1 class=\"tag-h3\"><strong>Export Restrictions:<\/strong><\/h1>\n<\/div>\n<div class=\"product-card-export-text\">\n<h1><strong>Product shown herein is subject to US export regulations and may require a license prior to export. Any diversion contrary to US Government regulations is prohibited.<\/strong><\/h1>\n<\/div>\n<\/div>\n<\/div>\n<\/div>\n<\/div>\n<\/div>\n<\/div>\n<\/div>\n<\/div>\n<\/div>\n<\/div>\n","protected":false},"excerpt":{"rendered":"<p>Description And features The NEW Clarion dual base magnification thermal scope is one of the most technologically advanced thermal scopes in the world. The new Clarion scopes were meticulously designed&hellip;<\/p>\n","protected":false},"featured_media":84113,"comment_status":"open","ping_status":"closed","template":"","meta":[],"product_brand":[],"product_cat":[547,584,586],"product_tag":[442,310],"class_list":{"0":"post-83370","1":"product","2":"type-product","3":"status-publish","4":"has-post-thumbnail","6":"product_cat-agm-global-vision","7":"product_cat-night-vision-thermal-and-infrared-lasers","8":"product_cat-thermal-optics","9":"product_tag-clarion","10":"product_tag-thermal","12":"first","13":"outofstock","14":"shipping-taxable","15":"purchasable","16":"product-type-variable"},"_links":{"self":[{"href":"https:\/\/th.webtestsdev.com\/brushbeater-store\/wp-json\/wp\/v2\/product\/83370","targetHints":{"allow":["GET"]}}],"collection":[{"href":"https:\/\/th.webtestsdev.com\/brushbeater-store\/wp-json\/wp\/v2\/product"}],"about":[{"href":"https:\/\/th.webtestsdev.com\/brushbeater-store\/wp-json\/wp\/v2\/types\/product"}],"replies":[{"embeddable":true,"href":"https:\/\/th.webtestsdev.com\/brushbeater-store\/wp-json\/wp\/v2\/comments?post=83370"}],"wp:featuredmedia":[{"embeddable":true,"href":"https:\/\/th.webtestsdev.com\/brushbeater-store\/wp-json\/wp\/v2\/media\/84113"}],"wp:attachment":[{"href":"https:\/\/th.webtestsdev.com\/brushbeater-store\/wp-json\/wp\/v2\/media?parent=83370"}],"wp:term":[{"taxonomy":"product_brand","embeddable":true,"href":"https:\/\/th.webtestsdev.com\/brushbeater-store\/wp-json\/wp\/v2\/product_brand?post=83370"},{"taxonomy":"product_cat","embeddable":true,"href":"https:\/\/th.webtestsdev.com\/brushbeater-store\/wp-json\/wp\/v2\/product_cat?post=83370"},{"taxonomy":"product_tag","embeddable":true,"href":"https:\/\/th.webtestsdev.com\/brushbeater-store\/wp-json\/wp\/v2\/product_tag?post=83370"}],"curies":[{"name":"wp","href":"https:\/\/api.w.org\/{rel}","templated":true}]}}