{"id":83380,"date":"2026-04-27T23:26:08","date_gmt":"2026-04-27T23:26:08","guid":{"rendered":"https:\/\/th.webtestsdev.com\/brushbeater-store\/product\/agm-rattler-clip-on-sight\/"},"modified":"2026-05-07T18:17:12","modified_gmt":"2026-05-07T18:17:12","slug":"agm-rattler-clip-on-sight","status":"publish","type":"product","link":"https:\/\/th.webtestsdev.com\/brushbeater-store\/product\/agm-rattler-clip-on-sight\/","title":{"rendered":"AGM RATTLER Clip On Sight"},"content":{"rendered":"<p data-mce-fragment=\"1\"><em>This is, hands down, the nicest and most advanced thermal I&#8217;ve ever used. Students got hands on with it in the last class and it blows away by FLIR PTS233 and a FLIR Breach one of the students had on hand. As a clip on, it allows you to run it in front of your day optic or handheld for maximum versatility. In my opinion these are game changers. -NCS<\/em><\/p>\n<h2>Description And features<\/h2>\n<p>The AGM Rattler TC19-256 is a compact thermal imaging clip-on system that allows quick transformation of the day optics into thermal imaging device without any special tools or equipment.<\/p>\n<p>The Rattler clip-on is a perfect addition to any hunter&#8217;s arsenal. Equipped with a 19mm germanium lens and a 256&#215;192 resolution 12 micron high-sensitivity thermal sensor, this unit has a detection range of 950 yards. Rattler TC provides a clear image under harsh environmental conditions like darkness, fog, smoke, dust, rain, snow, wood, camouflage, etc. The product is mainly applied to scenarios such as patrolling, hunting, overwatch, etc. The Rattler TC can easily be attached in front of day scopes with magnification up to 8x for short and medium range use.<\/p>\n<p>This unit also comes packed with all the features that many Rattler users have come to expect, which include: built-in recording and picture capture capabilities, Wi-Fi hotspot, AGM Connect app compatibility for storing and sharing images and videos, 16 GB on-board storage, 4.5 hours of battery life on two CR123 batteries, external power capability through the unit\u2019s USB-C plug and a high-quality American Defense Manufacturing quick detach mount.<\/p>\n<p><u><strong>Warning<\/strong><\/u><u>:<\/u>\u00a0California&#8217;s Proposition 65<\/p>\n<ul>\n<li>Quick conversion of daytime optics into thermal imaging scope<\/li>\n<li>12\u03bcm high sensitivity detector\u00a0(NETD &lt;35mK)<\/li>\n<li>256\u00d7192 thermal resolution<\/li>\n<li>1024&#215;768 resolution 0.39-inch OLED display<\/li>\n<li>8x digital zoom<\/li>\n<li>Video recording and snapshot, built-in EMMC (16 GB)<\/li>\n<li>Supports distance measurement<\/li>\n<li>Adjustable color palettes<\/li>\n<li>Wi-Fi data transmission<\/li>\n<li>Waterproof, shockproof<\/li>\n<li>Up to 4.5 hours continuous working<\/li>\n<li>External power supply capability<\/li>\n<li>3-Year warranty<\/li>\n<\/ul>\n<p data-mce-fragment=\"1\">The AGM Rattler TC35-384 is a compact thermal imaging clip-on system that allows quick transformation of the day optics into thermal imaging device without any special tools or equipment.<\/p>\n<p data-mce-fragment=\"1\">The Rattler clip-on is a perfect addition to any hunter&#8217;s arsenal. Equipped with a 35mm germanium lens and a 384&#215;288 resolution high-sensitivity thermal sensor, this unit has a detection range of 1235 yards. Rattler TC provides a clear image under harsh environmental conditions like darkness, fog, smoke, dust, rain, snow, wood, camouflage, etc. The product is mainly applied to scenarios such as patrolling, hunting, overwatch, etc. The Rattler TC can easily be attached in front of day scopes with magnification up to 8x for medium range use.<\/p>\n<p data-mce-fragment=\"1\">This unit also comes packed with all the features that many Rattler users have come to expect, which include: built-in recording and picture capture capabilities, Wi-Fi hotspot, AGM Connect app compatibility for storing and sharing images and videos, 16 GB on-board storage, 4.5 hours of battery life on two CR123 batteries, external power capability through the unit\u2019s USB-C plug and a high-quality American Defense Manufacturing quick detach mount.<\/p>\n<p data-mce-fragment=\"1\"><br data-mce-fragment=\"1\" \/><u data-mce-fragment=\"1\"><strong data-mce-fragment=\"1\">Warning<\/strong><\/u><u data-mce-fragment=\"1\">:<\/u>\u00a0California&#8217;s Proposition 65<\/p>\n<ul data-mce-fragment=\"1\">\n<li data-mce-fragment=\"1\">Quick conversion of daytime optics into thermal imaging scope<\/li>\n<li data-mce-fragment=\"1\">384\u00d7288 thermal resolution, high sensitivity detector\u00a0(NETD &lt;35mK)<\/li>\n<li data-mce-fragment=\"1\">Image processing technology: Adaptive AGC, DDE, 3D DNR<\/li>\n<li data-mce-fragment=\"1\">748 \u00d7 561 resolution 0.39-inch OLED display<\/li>\n<li data-mce-fragment=\"1\">8x digital zoom<\/li>\n<li data-mce-fragment=\"1\">Video recording and snapshot, built-in EMMC (16 GB)<\/li>\n<li data-mce-fragment=\"1\">Supports distance measurement<\/li>\n<li data-mce-fragment=\"1\">Adjustable color palettes<\/li>\n<li data-mce-fragment=\"1\">Wi-Fi data transmission<\/li>\n<li data-mce-fragment=\"1\">Waterproof, shockproof<\/li>\n<li data-mce-fragment=\"1\">Up to 4.5 hours continuous working<\/li>\n<li data-mce-fragment=\"1\">External power supply capability<\/li>\n<li data-mce-fragment=\"1\">5-Year warranty<\/li>\n<\/ul>\n<div class=\"product-card-export-title\">\n<div class=\"tag-h3\"><strong>Export Restrictions:<\/strong><\/div>\n<\/div>\n<div class=\"product-card-export-text\">\n<p><strong>Product shown herein is subject to US export regulations and may require a license prior to export. Any diversion contrary to US Government regulations is prohibited.<\/strong><\/p>\n<\/div>\n<p data-mce-fragment=\"1\">The AGM Rattler TC35-640 is a compact thermal imaging clip-on system that allows quick transformation of the day optics into thermal imaging device without any special tools or equipment.<\/p>\n<p data-mce-fragment=\"1\">The Rattler clip-on is a perfect addition to any hunter&#8217;s arsenal. Equipped with a 35mm germanium lens and a 640&#215;512 resolution high-sensitivity thermal sensor, this unit has a detection range of 1750 yards. Rattler TC provides a clear image under harsh environmental conditions like darkness, fog, smoke, dust, rain, snow, wood, camouflage, etc. The product is mainly applied to scenarios such as patrolling, hunting, overwatch, etc. The Rattler TC can easily be attached in front of day scopes with magnification up to 8x for medium range use.<\/p>\n<p data-mce-fragment=\"1\">This unit also comes packed with all the features that many Rattler users have come to expect, which include: built-in recording and picture capture capabilities, Wi-Fi hotspot, AGM Connect app compatibility for storing and sharing images and videos, 16 GB on-board storage, 4.5 hours of battery life on two CR123 batteries, external power capability through the unit\u2019s USB-C plug and a high-quality American Defense Manufacturing quick detach mount.<\/p>\n<p data-mce-fragment=\"1\"><u data-mce-fragment=\"1\"><strong data-mce-fragment=\"1\">Warning<\/strong><\/u><u data-mce-fragment=\"1\">:<\/u>\u00a0California&#8217;s Proposition 65<\/p>\n<ul data-mce-fragment=\"1\">\n<li data-mce-fragment=\"1\">Quick conversion of daytime optics into thermal imaging scope<\/li>\n<li data-mce-fragment=\"1\">12\u03bcm high sensitivity detector\u00a0(NETD &lt;35mK)<\/li>\n<li data-mce-fragment=\"1\">640\u00d7512 thermal resolution<\/li>\n<li data-mce-fragment=\"1\">1024&#215;768 resolution 0.39-inch OLED display<\/li>\n<li data-mce-fragment=\"1\">Video recording and snapshot, built-in EMMC (16 GB)<\/li>\n<li data-mce-fragment=\"1\">Supports distance measurement<\/li>\n<li data-mce-fragment=\"1\">Adjustable color palettes<\/li>\n<li data-mce-fragment=\"1\">Wi-Fi data transmission<\/li>\n<li data-mce-fragment=\"1\">Waterproof, shockproof<\/li>\n<li data-mce-fragment=\"1\">Up to 4.5 hours continuous working<\/li>\n<li data-mce-fragment=\"1\">External power supply capability<\/li>\n<li data-mce-fragment=\"1\">5-Year warranty<\/li>\n<\/ul>\n<div class=\"product-card-export-title\">\n<div class=\"tag-h3\">Export Restrictions:<\/div>\n<\/div>\n<div class=\"product-card-export-text\">\n<p>Product shown herein is subject to US export regulations and may require a license prior to export. Any diversion contrary to US Government regulations is prohibited.<\/p>\n<div class=\"container\">\n<div class=\"row\">\n<div class=\"col-xl-9 col-lg-9 col-md-12 col-sm-12\">\n<div class=\"product-card-specifications-title\">\n<h2>Specifications<\/h2>\n<hr \/>\n<\/div>\n<div class=\"product-card-specifications-list\">\n<div class=\"compare-table compare-table--2cols\">\n<div class=\"compare-table-cell compres-first\">\n<p>Shock and vibration: 750 g\/ms<\/p>\n<\/div>\n<div class=\"compare-table-cell compres-first\">\n<p>Detector type: 12\u03bcm, Uncooled, 50Hz<\/p>\n<\/div>\n<div class=\"compare-table-cell compres-first\">\n<p>Standby Mode: Yes<\/p>\n<\/div>\n<div class=\"compare-table-cell compres-first\">\n<p>Resolution: 640&#215;512<\/p>\n<\/div>\n<div class=\"compare-table-cell compres-first\">\n<p>Detection Range (6&#8242; object): 1750m\/yd<\/p>\n<\/div>\n<div class=\"compare-table-cell compres-first\">\n<p>Snapshot: Yes<\/p>\n<\/div>\n<div class=\"compare-table-cell compres-first\">\n<p>Lens system: 35 mm; F\/1.0<\/p>\n<\/div>\n<div class=\"compare-table-cell compres-first\">\n<p>Field of view (H \u00d7 X): 12.5\u00b0 \u00d7 10.0\u00b0<\/p>\n<\/div>\n<div class=\"compare-table-cell compres-first\">\n<p>Digital zoom: 2x, 4x, 8x<\/p>\n<\/div>\n<div class=\"compare-table-cell compres-first\">\n<p>Imaging palettes: Jungle, Recognition<\/p>\n<\/div>\n<div class=\"compare-table-cell compres-first\">\n<p>Display: 1024&#215;768 resolution 0.39-inch OLED<\/p>\n<\/div>\n<div class=\"compare-table-cell compres-first\">\n<p>Storage: Built-in EMMC (16 GB)<\/p>\n<\/div>\n<div class=\"compare-table-cell compres-first\">\n<p>Video\/Photo Format: Yes<\/p>\n<\/div>\n<div class=\"compare-table-cell compres-first\">\n<p>Battery Type: Two CR123A (3V) Lithium or two RCR123 (up to 4.2V) Rechargeable Batteries<\/p>\n<\/div>\n<div class=\"compare-table-cell compres-first\">\n<p>Wi-Fi: Yes<\/p>\n<\/div>\n<div class=\"compare-table-cell compres-first\">\n<p>Battery Life (Operating): Up to 4.5 hr<\/p>\n<\/div>\n<div class=\"compare-table-cell compres-first\">\n<p>External power supply: 5V USB<\/p>\n<\/div>\n<div class=\"compare-table-cell compres-first\">\n<p>Operating Temperature Range: -20\u00b0C to +55\u00b0C (-4\u00b0F to +131\u00b0F)<\/p>\n<\/div>\n<div class=\"compare-table-cell compres-first\">\n<p>Degree of Protection: IP67<\/p>\n<\/div>\n<div class=\"compare-table-cell compres-first\">\n<p>Weight: 0.42 kg (0.93 lb)<\/p>\n<\/div>\n<div class=\"compare-table-cell compres-first\">\n<p>Overall Dimensions: 153 mm \u00d7 62 mm \u00d7 59 mm (6.0 \u00d7 2.4 \u00d7 2.3 in)<\/p>\n<\/div>\n<div class=\"compare-table-cell compres-first\">\n<p>Magnification: 1x<\/p>\n<\/div>\n<\/div>\n<\/div>\n<\/div>\n<\/div>\n<\/div>\n<\/div>\n","protected":false},"excerpt":{"rendered":"<p>This is, hands down, the nicest and most advanced thermal I&#8217;ve ever used. Students got hands on with it in the last class and it blows away by FLIR PTS233&hellip;<\/p>\n","protected":false},"featured_media":84171,"comment_status":"open","ping_status":"closed","template":"","meta":[],"product_brand":[],"product_cat":[72],"product_tag":[310],"class_list":{"0":"post-83380","1":"product","2":"type-product","3":"status-publish","4":"has-post-thumbnail","6":"product_cat-uncategorized","7":"product_tag-thermal","9":"first","10":"outofstock","11":"shipping-taxable","12":"purchasable","13":"product-type-variable"},"_links":{"self":[{"href":"https:\/\/th.webtestsdev.com\/brushbeater-store\/wp-json\/wp\/v2\/product\/83380","targetHints":{"allow":["GET"]}}],"collection":[{"href":"https:\/\/th.webtestsdev.com\/brushbeater-store\/wp-json\/wp\/v2\/product"}],"about":[{"href":"https:\/\/th.webtestsdev.com\/brushbeater-store\/wp-json\/wp\/v2\/types\/product"}],"replies":[{"embeddable":true,"href":"https:\/\/th.webtestsdev.com\/brushbeater-store\/wp-json\/wp\/v2\/comments?post=83380"}],"wp:featuredmedia":[{"embeddable":true,"href":"https:\/\/th.webtestsdev.com\/brushbeater-store\/wp-json\/wp\/v2\/media\/84171"}],"wp:attachment":[{"href":"https:\/\/th.webtestsdev.com\/brushbeater-store\/wp-json\/wp\/v2\/media?parent=83380"}],"wp:term":[{"taxonomy":"product_brand","embeddable":true,"href":"https:\/\/th.webtestsdev.com\/brushbeater-store\/wp-json\/wp\/v2\/product_brand?post=83380"},{"taxonomy":"product_cat","embeddable":true,"href":"https:\/\/th.webtestsdev.com\/brushbeater-store\/wp-json\/wp\/v2\/product_cat?post=83380"},{"taxonomy":"product_tag","embeddable":true,"href":"https:\/\/th.webtestsdev.com\/brushbeater-store\/wp-json\/wp\/v2\/product_tag?post=83380"}],"curies":[{"name":"wp","href":"https:\/\/api.w.org\/{rel}","templated":true}]}}