{"id":83385,"date":"2026-04-27T23:26:12","date_gmt":"2026-04-27T23:26:12","guid":{"rendered":"https:\/\/th.webtestsdev.com\/brushbeater-store\/product\/agm-rattler-v2-clip-on-sight\/"},"modified":"2026-05-07T18:17:06","modified_gmt":"2026-05-07T18:17:06","slug":"agm-rattler-v2-clip-on-sight","status":"publish","type":"product","link":"https:\/\/th.webtestsdev.com\/brushbeater-store\/product\/agm-rattler-v2-clip-on-sight\/","title":{"rendered":"AGM Rattler V2 Clip On Sight"},"content":{"rendered":"<div class=\"product-card-package-title\">\n<div class=\"tag-h3\">\n<div class=\"product-card-export-title\">\n<div class=\"tag-h3\"><strong>EXPORT RESTRICTIONS:<\/strong><\/div>\n<\/div>\n<div class=\"product-card-export-text\">\n<p><strong>Product shown herein is subject to US export regulations and may require a license prior to export. Any diversion contrary to US Government regulations is prohibited.<\/strong><\/p>\n<\/div>\n<\/div>\n<div class=\"tag-h3\">PACKAGE INCLUDES<\/div>\n<\/div>\n<div class=\"product-card-package-list\">\n<ul>\n<li>Mount<\/li>\n<li>Two Rechargeable Battery<\/li>\n<li>Charger<\/li>\n<li>USB Cable<\/li>\n<li>Lens Cloth<\/li>\n<li>Manual<\/li>\n<li>Carrying Case<\/li>\n<\/ul>\n<div class=\"product-card-description-title\">\n<h2>DESCRIPTION AND FEATURES<\/h2>\n<hr \/>\n<\/div>\n<div class=\"product-card-description-text\">\n<p>The NEW AGM Rattler-C V2 35-384 thermal clip-on boasts a industry-leading 12 micron, high-sensitivity sub-20mk thermal detectors. These physical attributes provide users with some of the best image quality AGM has produced to date with potential detection ranges up to 1800 yards. The Rattler-C V2 thermal clip-ons provide clear image under harsh environment conditions like darkness, fog, smoke, dust, rain, snow, wood, camouflage, etc.<br \/>\nThe Rattler-C V2 clip-on can easily be attached in front of day scopes to quickly convert a day optic into a thermal imaging device without any special tools or equipment required. Powered replaceable and rechargeable Li-ion battery the AGM Rattler-C V2 35-384 provide up to 11 hours of continuous battery life on a single charge (2 batteries included). An external 5V power bank (battery pack) can be easily connected via a USB-C connector for a significant increase of operating time. Onboard Wi-Fi module is also available for live video streaming and video\/images recording via mobile application.<\/p>\n<p>The NEW AGM Rattler-C V2 50-640 thermal clip-on boasts a industry-leading 12 micron, high-sensitivity sub-20mk thermal detectors. These physical attributes provide users with some of the best image quality AGM has produced to date with potential detection ranges up to 2600 yards. The Rattler-C V2 thermal clip-ons provide clear image under harsh environment conditions like darkness, fog, smoke, dust, rain, snow, wood, camouflage, etc.<br \/>\nThe Rattler-C V2 clip-on can easily be attached in front of day scopes to quickly convert a day optic into a thermal imaging device without any special tools or equipment required. Powered replaceable and rechargeable Li-ion battery the AGM Rattler-C V2 50-64 0 provide up to 9 hours of continuous battery life on a single charge (2 batteries included). An external 5V power bank (battery pack) can be easily connected via a USB-C connector for a significant increase of operating time. Onboard Wi-Fi module is also available for live video streaming and video\/images recording via mobile application.<\/p>\n<div class=\"product-card-specifications-title\">\n<h2>SPECIFICATIONS<\/h2>\n<hr \/>\n<\/div>\n<div class=\"product-card-specifications-list compare-table compare-table--2cols\">\n<div class=\"compare-table-cell compare-table-cell-p compres-first\">Dimensions:\u00a0196 \u00d7 73 \u00d7 68 mm (7.7 \u00d7 2.9 \u00d7 2.7 in)<\/div>\n<div class=\"compare-table-cell compare-table-cell-p compres-first\">Flat Field Correction (FFC):\u00a0Auto, Manual, External Correction<\/div>\n<div class=\"compare-table-cell compare-table-cell-p compres-first\">Palettes:\u00a0Black hot, White hot, Red hot, Fusion<\/div>\n<div class=\"compare-table-cell compare-table-cell-p compres-first\">Exit Pupil Diameter:\u00a022 mm<\/div>\n<div class=\"compare-table-cell compare-table-cell-p compres-first\">Distance Measurement:\u00a0Yes (Stadiametric)<\/div>\n<div class=\"compare-table-cell compare-table-cell-p compres-first\">Scene Mode:\u00a0Cold, Warm<\/div>\n<div class=\"compare-table-cell compare-table-cell-p compres-first\">Video Recording:\u00a0Yes<\/div>\n<div class=\"compare-table-cell compare-table-cell-p compres-first\">Audio Recording:\u00a0Yes<\/div>\n<div class=\"compare-table-cell compare-table-cell-p compres-first\">Detector type:\u00a012\u03bcm VOx Uncooled Focal Plane Array<\/div>\n<div class=\"compare-table-cell compare-table-cell-p compres-first\">Standby Mode:\u00a0Yes<\/div>\n<div class=\"compare-table-cell compare-table-cell-p compres-first\">Refresh rate:\u00a050 Hz<\/div>\n<div class=\"compare-table-cell compare-table-cell-p compres-first\">Resolution:\u00a0384 \u00d7 288<\/div>\n<div class=\"compare-table-cell compare-table-cell-p compres-first\">Detection Range (6&#8242; object):\u00a02600 m\/yd<\/div>\n<div class=\"compare-table-cell compare-table-cell-p compres-first\">Lens system:\u00a050 mm; F\/1.0<\/div>\n<div class=\"compare-table-cell compare-table-cell-p compres-first\">NETD:\u00a0Less than 20 mK (25\u00b0C, F# = 1.0)<\/div>\n<div class=\"compare-table-cell compare-table-cell-p compres-first\">Optical magnification:\u00a01\u00d7<\/div>\n<div class=\"compare-table-cell compare-table-cell-p compres-first\">Field of view (H \u00d7 X):\u00a08.8\u00b0 \u00d7 7.0\u00b0<\/div>\n<div class=\"compare-table-cell compare-table-cell-p compres-first\">Hot Track:\u00a0Yes<\/div>\n<div class=\"compare-table-cell compare-table-cell-p compres-first\">Eye relief:\u00a010 mm<\/div>\n<div class=\"compare-table-cell compare-table-cell-p compres-first\">Display:\u00a00.39-inch, OLED, 1024\u00d7768<\/div>\n<div class=\"compare-table-cell compare-table-cell-p compres-first\">Storage:\u00a0Built-in EMMC (16 GB)<\/div>\n<div class=\"compare-table-cell compare-table-cell-p compres-first\">Capture Snapshot:\u00a0Yes<\/div>\n<div class=\"compare-table-cell compare-table-cell-p compres-first\">Battery Type:\u00a0Replaceable and Rechargeable Li-ion Battery<\/div>\n<div class=\"compare-table-cell compare-table-cell-p compres-first\">Wi-Fi:\u00a0Yes<\/div>\n<div class=\"compare-table-cell compare-table-cell-p compres-first\">Battery Life (Operating):\u00a09 h (25\u00b0C, with hotspot off)<\/div>\n<div class=\"compare-table-cell compare-table-cell-p compres-first\">External power supply:\u00a05 VDC, 2 A, USB Type-C<\/div>\n<div class=\"compare-table-cell compare-table-cell-p compres-first\">Operating Temperature Range:\u00a0-30\u00b0C to +55\u00b0C (-22\u00b0F to 131\u00b0F)<\/div>\n<div class=\"compare-table-cell compare-table-cell-p compres-first\">Weight:\u00a00.55 kg (1.2 lb)<\/div>\n<div class=\"compare-table-cell compare-table-cell-p compres-first\">Protection Level:\u00a0IP67<\/div>\n<div class=\"compare-table-cell compare-table-cell-p compres-first\">Package Includes:\u00a0Thermal Imaging Clip-On, Mount, Two Rechargeable Battery, Charger, USB Cable, Lens Cloth, Manual, Carrying Case<\/div>\n<div class=\"compare-table-cell compare-table-cell-p compres-first\">Focus Range:\u00a010 m to infinity<\/div>\n<\/div>\n<\/div>\n<\/div>\n<p>&nbsp;<\/p>\n","protected":false},"excerpt":{"rendered":"<p>EXPORT RESTRICTIONS: Product shown herein is subject to US export regulations and may require a license prior to export. Any diversion contrary to US Government regulations is prohibited. PACKAGE INCLUDES&hellip;<\/p>\n","protected":false},"featured_media":84180,"comment_status":"open","ping_status":"closed","template":"","meta":[],"product_brand":[],"product_cat":[547,583,584,586],"product_tag":[],"class_list":{"0":"post-83385","1":"product","2":"type-product","3":"status-publish","4":"has-post-thumbnail","6":"product_cat-agm-global-vision","7":"product_cat-day-optics","8":"product_cat-night-vision-thermal-and-infrared-lasers","9":"product_cat-thermal-optics","11":"first","12":"outofstock","13":"shipping-taxable","14":"purchasable","15":"product-type-variable"},"_links":{"self":[{"href":"https:\/\/th.webtestsdev.com\/brushbeater-store\/wp-json\/wp\/v2\/product\/83385","targetHints":{"allow":["GET"]}}],"collection":[{"href":"https:\/\/th.webtestsdev.com\/brushbeater-store\/wp-json\/wp\/v2\/product"}],"about":[{"href":"https:\/\/th.webtestsdev.com\/brushbeater-store\/wp-json\/wp\/v2\/types\/product"}],"replies":[{"embeddable":true,"href":"https:\/\/th.webtestsdev.com\/brushbeater-store\/wp-json\/wp\/v2\/comments?post=83385"}],"wp:featuredmedia":[{"embeddable":true,"href":"https:\/\/th.webtestsdev.com\/brushbeater-store\/wp-json\/wp\/v2\/media\/84180"}],"wp:attachment":[{"href":"https:\/\/th.webtestsdev.com\/brushbeater-store\/wp-json\/wp\/v2\/media?parent=83385"}],"wp:term":[{"taxonomy":"product_brand","embeddable":true,"href":"https:\/\/th.webtestsdev.com\/brushbeater-store\/wp-json\/wp\/v2\/product_brand?post=83385"},{"taxonomy":"product_cat","embeddable":true,"href":"https:\/\/th.webtestsdev.com\/brushbeater-store\/wp-json\/wp\/v2\/product_cat?post=83385"},{"taxonomy":"product_tag","embeddable":true,"href":"https:\/\/th.webtestsdev.com\/brushbeater-store\/wp-json\/wp\/v2\/product_tag?post=83385"}],"curies":[{"name":"wp","href":"https:\/\/api.w.org\/{rel}","templated":true}]}}