{"id":83400,"date":"2026-04-27T23:26:15","date_gmt":"2026-04-27T23:26:15","guid":{"rendered":"https:\/\/th.webtestsdev.com\/brushbeater-store\/product\/agm-secutor-lrf-c-50-640\/"},"modified":"2026-05-07T18:15:30","modified_gmt":"2026-05-07T18:15:30","slug":"agm-secutor-lrf-c-50-640","status":"publish","type":"product","link":"https:\/\/th.webtestsdev.com\/brushbeater-store\/product\/agm-secutor-lrf-c-50-640\/","title":{"rendered":"AGM SECUTOR LRF-C 50-640"},"content":{"rendered":"<div class=\"container\">\n<div class=\"row\">\n<div id=\"item\" class=\"col-xl-7 col-lg-7 col-md-12 col-sm-12 product-card-b-1\">\n<div id=\"description\" class=\"row\">\n<div class=\"col-xl-12 col-lg-12 col-md-12 col-sm-12\">\n<div class=\"product-card-description-title\">\n<h2>Description And Features<\/h2>\n<p><span class=\"fontstyle0\"><br \/>\nThe Secutor LRF-C is a compact thermal imaging clip-on system with built-in precision laser rangefinder that allows quick transformation of the day optics into thermal imaging device without any special tools or equipment. Equipped with a highly sensitive, 12\u03bcm thermal detector and 1024\u00d7768 OLED monitor, the AGM Secutor LRF-C provides a clear image under harsh environmental conditions including darkness, fog, smoke, dust, rain, snow, brush, camouflage, etc. The user-friendly interface, comfortable and ergonomic operating controls makes Secutor LRF-C use incredibly easy. The Secutor LRF-C can easily be attached in front of rifle scopes with magnification up to 10x for medium range use.<br \/>\nThe built-in laser range finder of the AGM Secutor LRF-C is designed to determine the exact distance between the observer and the target. Measurement results are displayed in the scopes monitor. Four replaceable Li-Ion battery gives the device more than 6 hours of continuous operation time. An external 5V power bank (battery pack) can be easily connected via a USB to USB-C connector for a significant increase of operating time. The device is equipped with fast EMMC storage for on-board video\/audio recording and image capture. Onboard Wi-Fi module allows live video streaming and video\/image recording via mobile applications.<\/span><\/p>\n<\/div>\n<div class=\"product-card-description-text\">\n<p><span class=\"fontstyle0\"><u><span style=\"color: #ce0000;\"><b>Warning<\/b><\/span><\/u><u><span style=\"color: #ce0000;\"><span style=\"font-size: 14px;\">:<\/span><\/span><\/u>\u00a0California&#8217;s Proposition 65<\/span><\/p>\n<div class=\"wraper-video\"><\/div>\n<\/div>\n<div class=\"product-card-description-list\">\n<ul>\n<li>Quick conversion of daytime optics into thermal imaging scope<\/li>\n<li>12\u03bcm thermal detector<\/li>\n<li>High sensitivity (NETD less than 20 mK)<\/li>\n<li>Fast 50Hz imaging<\/li>\n<li>Built-in laser rangefinder<\/li>\n<li>Adjustable color palettes<\/li>\n<li>High resolution OLED display<\/li>\n<li>On-board video\/audio recording and image capture<\/li>\n<li>Built-in EMMC storage (16 GB)<\/li>\n<li>Wi-Fi data transmission<\/li>\n<li>Standby mode<\/li>\n<li>More than 6 hours battery life<\/li>\n<li>External power supply compatibility<\/li>\n<li>Waterproof &amp; shockproof<\/li>\n<li>5-year warranty<\/li>\n<\/ul>\n<\/div>\n<\/div>\n<\/div>\n<\/div>\n<div class=\"col-xl-2 col-lg-2 col-md-12 col-sm-12 product-card-b-2\">\n<div class=\"product-card-charact\">\n<div class=\"product-card-charact-title\">\n<div class=\"tag-h3\">Characteristics<\/div>\n<\/div>\n<div class=\"product-card-charact-text\">\n<p>Detector type:\u00a012\u03bcm VOx Uncooled Focal Plane Array<\/p>\n<p>Refresh rate: 50 Hz<\/p>\n<p>Resolution: 640 x 512<\/p>\n<p>Base Magnification:\u00a01\u00d7<\/p>\n<p>FOV:\u00a08.8\u00b0 \u00d7 7.0\u00b0<\/p>\n<\/div>\n<\/div>\n<div class=\"product-card-package\">\n<div class=\"product-card-package-title\">\n<div class=\"tag-h3\">Package Includes<\/div>\n<\/div>\n<div class=\"product-card-package-list\">\n<ul>\n<li>Mount<\/li>\n<li>Four CR123A Battery<\/li>\n<li>USB Cable<\/li>\n<li>Lens Cloth<\/li>\n<li>Manual<\/li>\n<li>Carrying Case<\/li>\n<\/ul>\n<\/div>\n<\/div>\n<div class=\"product-card-export\">\n<div class=\"product-card-export-title\">\n<div class=\"tag-h3\"><strong>Export Restrictions:<\/strong><\/div>\n<\/div>\n<div class=\"product-card-export-text\">\n<p><strong>Product shown herein is subject to US export regulations and may require a license prior to export. Any diversion contrary to US Government regulations is prohibited.<\/strong><\/p>\n<\/div>\n<\/div>\n<\/div>\n<\/div>\n<\/div>\n<hr class=\"prod-card-deck-hr\" \/>\n<div id=\"specifications\" class=\"product-card-specifications-block\">\n<div class=\"container\">\n<div class=\"row\">\n<div class=\"col-xl-9 col-lg-9 col-md-12 col-sm-12\">\n<div class=\"product-card-specifications-title\">\n<h2>Specifications<\/h2>\n<hr \/>\n<\/div>\n<div class=\"product-card-specifications-list compare-table compare-table--2cols\">\n<div class=\"compare-table-cell compare-table-cell-p compres-first\">Palettes:\u00a0Black Hot, White Hot, Red Hot, Fusion<\/div>\n<div class=\"compare-table-cell compare-table-cell-p compres-first\">Dimensions:\u00a0193 \u00d7 104 \u00d7 74 mm (7.6 \u00d7 4.1 \u00d7 2.9 in) (w\/o mount)<\/div>\n<div class=\"compare-table-cell compare-table-cell-p compres-first\">Exit Pupil Diameter:\u00a022 mm<\/div>\n<div class=\"compare-table-cell compare-table-cell-p compres-first\">Video Recording:\u00a0Yes<\/div>\n<div class=\"compare-table-cell compare-table-cell-p compres-first\">Audio Recording:\u00a0Yes<\/div>\n<div class=\"compare-table-cell compare-table-cell-p compres-first\">Magnification:\u00a01x<\/div>\n<div class=\"compare-table-cell compare-table-cell-p compres-first\">Detector type:\u00a012\u03bcm VOx Uncooled Focal Plane Array<\/div>\n<div class=\"compare-table-cell compare-table-cell-p compres-first\">Response Waveband:\u00a08 \u03bcm to 14 \u03bcm<\/div>\n<div class=\"compare-table-cell compare-table-cell-p compres-first\">FFC (Flat Field Correction):\u00a0Auto, Manual, External Correction<\/div>\n<div class=\"compare-table-cell compare-table-cell-p compres-first\">Highest Temperature Spot Tracking:\u00a0Yes<\/div>\n<div class=\"compare-table-cell compare-table-cell-p compres-first\">Standby Mode:\u00a0Yes<\/div>\n<div class=\"compare-table-cell compare-table-cell-p compres-first\">Refresh rate:\u00a050 Hz<\/div>\n<div class=\"compare-table-cell compare-table-cell-p compres-first\">Resolution:\u00a0640 \u00d7 512<\/div>\n<div class=\"compare-table-cell compare-table-cell-p compres-first\">Laser Rangefinder:\u00a0Up to 1000 m, \u00b14 m accuracy<\/div>\n<div class=\"compare-table-cell compare-table-cell-p compres-first\">Laser Wavelength:\u00a0905 nm<\/div>\n<div class=\"compare-table-cell compare-table-cell-p compres-first\">Detection Range (6&#8242; object):\u00a02,600 m\/yd<\/div>\n<div class=\"compare-table-cell compare-table-cell-p compres-first\">Lens system:\u00a050 mm; F1.0<\/div>\n<div class=\"compare-table-cell compare-table-cell-p compres-first\">NETD:\u00a0Less than 20 mk (@25\u00b0C), F#=1.0<\/div>\n<div class=\"compare-table-cell compare-table-cell-p compres-first\">Field of view (H \u00d7 X):\u00a08.8\u00b0 \u00d7 7.0\u00b0<\/div>\n<div class=\"compare-table-cell compare-table-cell-p compres-first\">Monitor:\u00a01024&#215;768, 0.39 inch, OLED<\/div>\n<div class=\"compare-table-cell compare-table-cell-p compres-first\">Storage:\u00a016 GB EMMC<\/div>\n<div class=\"compare-table-cell compare-table-cell-p compres-first\">Capture Snapshot:\u00a0Yes<\/div>\n<div class=\"compare-table-cell compare-table-cell-p compres-first\">Battery Type:\u00a0Four CR123A Lithium Battery<\/div>\n<div class=\"compare-table-cell compare-table-cell-p compres-first\">Wi-Fi:\u00a0Yes<\/div>\n<div class=\"compare-table-cell compare-table-cell-p compres-first\">Battery Operating Time:\u00a0\u041core than 6 hours<\/div>\n<div class=\"compare-table-cell compare-table-cell-p compres-first\">External power supply:\u00a05 VDC\/2 A, USB Type-C<\/div>\n<div class=\"compare-table-cell compare-table-cell-p compres-first\">Operating Temperature Range:\u00a0-30\u00b0C to 55\u00b0C (-22\u00b0F to 131\u00b0F)<\/div>\n<div class=\"compare-table-cell compare-table-cell-p compres-first\">Weight:\u00a00.63 kg (1.38 lb)<\/div>\n<div class=\"compare-table-cell compare-table-cell-p compres-first\">Protection Level:\u00a0IP67<\/div>\n<\/div>\n<\/div>\n<\/div>\n<\/div>\n<\/div>\n<p>&nbsp;<\/p>\n","protected":false},"excerpt":{"rendered":"<p>Description And Features The Secutor LRF-C is a compact thermal imaging clip-on system with built-in precision laser rangefinder that allows quick transformation of the day optics into thermal imaging device&hellip;<\/p>\n","protected":false},"featured_media":84206,"comment_status":"open","ping_status":"closed","template":"","meta":[],"product_brand":[],"product_cat":[72],"product_tag":[310],"class_list":{"0":"post-83400","1":"product","2":"type-product","3":"status-publish","4":"has-post-thumbnail","6":"product_cat-uncategorized","7":"product_tag-thermal","9":"first","10":"outofstock","11":"sale","12":"shipping-taxable","13":"purchasable","14":"product-type-simple"},"_links":{"self":[{"href":"https:\/\/th.webtestsdev.com\/brushbeater-store\/wp-json\/wp\/v2\/product\/83400","targetHints":{"allow":["GET"]}}],"collection":[{"href":"https:\/\/th.webtestsdev.com\/brushbeater-store\/wp-json\/wp\/v2\/product"}],"about":[{"href":"https:\/\/th.webtestsdev.com\/brushbeater-store\/wp-json\/wp\/v2\/types\/product"}],"replies":[{"embeddable":true,"href":"https:\/\/th.webtestsdev.com\/brushbeater-store\/wp-json\/wp\/v2\/comments?post=83400"}],"wp:featuredmedia":[{"embeddable":true,"href":"https:\/\/th.webtestsdev.com\/brushbeater-store\/wp-json\/wp\/v2\/media\/84206"}],"wp:attachment":[{"href":"https:\/\/th.webtestsdev.com\/brushbeater-store\/wp-json\/wp\/v2\/media?parent=83400"}],"wp:term":[{"taxonomy":"product_brand","embeddable":true,"href":"https:\/\/th.webtestsdev.com\/brushbeater-store\/wp-json\/wp\/v2\/product_brand?post=83400"},{"taxonomy":"product_cat","embeddable":true,"href":"https:\/\/th.webtestsdev.com\/brushbeater-store\/wp-json\/wp\/v2\/product_cat?post=83400"},{"taxonomy":"product_tag","embeddable":true,"href":"https:\/\/th.webtestsdev.com\/brushbeater-store\/wp-json\/wp\/v2\/product_tag?post=83400"}],"curies":[{"name":"wp","href":"https:\/\/api.w.org\/{rel}","templated":true}]}}