{"id":83404,"date":"2026-04-27T23:26:21","date_gmt":"2026-04-27T23:26:21","guid":{"rendered":"https:\/\/th.webtestsdev.com\/brushbeater-store\/product\/agm-stingir-640\/"},"modified":"2026-05-07T18:15:09","modified_gmt":"2026-05-07T18:15:09","slug":"agm-stingir-640","status":"publish","type":"product","link":"https:\/\/th.webtestsdev.com\/brushbeater-store\/product\/agm-stingir-640\/","title":{"rendered":"AGM StingIR 640"},"content":{"rendered":"<h2 data-mce-fragment=\"1\"><iframe title=\"YouTube video player\" src=\"https:\/\/www.youtube.com\/embed\/hGWbyhuR1oU?si=rtvvKwChNH69HnCr\" width=\"560\" height=\"315\" frameborder=\"0\" allowfullscreen=\"allowfullscreen\"><\/iframe><\/h2>\n<h2 data-mce-fragment=\"1\">Description And features<\/h2>\n<p data-mce-fragment=\"1\">The AGM StingIR 640 miniature handheld observational thermal monocular is equipped with a 640\u00d7480, 12 micron, sub-25mK thermal detector and high-resolution OLED display. The StingIR is a full-featured unit, weighing less than 7 ounces\/200 grams. The monocular can be helmet mounted for hands-free operations, or used as a standalone handheld device. The SingIR with included weapon mounts can also be used as a stand-alone thermal scope, or thermal clip-on, making it one of our most versatile offerings.<\/p>\n<p data-mce-fragment=\"1\">Other features include a digital compass, inclinometer, up to 8x digital zoom and the ability to be powered by two types of replaceable CR123 or 18650 batteries. The high-sensitivity built-in thermal detector provides you with a clear view in any lighting condition.\u00a0The monocular is suitable for security enforcement, outdoor hunting, wilderness exploration, search and rescue and other fields.<\/p>\n<p data-mce-fragment=\"1\"><u data-mce-fragment=\"1\"><strong data-mce-fragment=\"1\">Warning<\/strong><\/u><u data-mce-fragment=\"1\">:<\/u>\u00a0California&#8217;s Proposition 65<\/p>\n<ul data-mce-fragment=\"1\">\n<li data-mce-fragment=\"1\">12\u03bcm high-sensitivity detector<\/li>\n<li data-mce-fragment=\"1\">Head- or helmet-mountable for hands-free usage<\/li>\n<li data-mce-fragment=\"1\">Compact, sturdy design<\/li>\n<li data-mce-fragment=\"1\">High-resolution OLED display<\/li>\n<li data-mce-fragment=\"1\">Multiple thermal image palettes<\/li>\n<li data-mce-fragment=\"1\">Device supports up to 8\u00d7 digital zoom<\/li>\n<li data-mce-fragment=\"1\">Powered by one CR123A\/RCR123 or 18650 Lithium battery<\/li>\n<li data-mce-fragment=\"1\">Up to 5 hours continuous running<\/li>\n<li data-mce-fragment=\"1\">Digital compass and inclinometer<\/li>\n<li data-mce-fragment=\"1\">Type-C interface<\/li>\n<li data-mce-fragment=\"1\">5-Year warranty<\/li>\n<\/ul>\n<p data-mce-fragment=\"1\">Characteristics<\/p>\n<p data-mce-fragment=\"1\">Refresh rate: 50 Hz<\/p>\n<p data-mce-fragment=\"1\">Resolution: 640\u00d7480<\/p>\n<p data-mce-fragment=\"1\">FOV: 16.3\u00b0 \u00d7 12.3\u00b0 (H \u00d7 V)<\/p>\n<p data-mce-fragment=\"1\">Package Includes<\/p>\n<ul data-mce-fragment=\"1\">\n<li data-mce-fragment=\"1\">Monocular<\/li>\n<li data-mce-fragment=\"1\">Helmet adapter bracket<\/li>\n<li data-mce-fragment=\"1\">Picatinny mount<\/li>\n<li data-mce-fragment=\"1\">Clip-on mount<\/li>\n<li data-mce-fragment=\"1\">18650 battery cap<\/li>\n<li data-mce-fragment=\"1\">USB Type-C cable<\/li>\n<li data-mce-fragment=\"1\">Operation manual<\/li>\n<li data-mce-fragment=\"1\">Packing Case<\/li>\n<\/ul>\n<p data-mce-fragment=\"1\"><strong>Export Restrictions:<\/strong><\/p>\n<p data-mce-fragment=\"1\"><strong>Product shown herein is subject to US export regulations and may require a license prior to export. Any diversion contrary to US Government regulations is pr<\/strong>ohibited.<\/p>\n<h2 data-mce-fragment=\"1\">Specifications<\/h2>\n<p data-mce-fragment=\"1\">Digital Compass Yes<\/p>\n<p data-mce-fragment=\"1\">Palettes WhiteHot, BlackHot, OrangeHot, Rainbow<\/p>\n<p data-mce-fragment=\"1\">Exit Pupil Diameter 12 mm<\/p>\n<p data-mce-fragment=\"1\">Magnification 1x &#8211; 8x<\/p>\n<p data-mce-fragment=\"1\">Detector type 12 \u03bcm Uncooled VOx Microbolometer<\/p>\n<p data-mce-fragment=\"1\">FFC (Flat Field Correction) Auto (1 to 10 min. interval) or Manual<\/p>\n<p data-mce-fragment=\"1\">Refresh rate 50 Hz<\/p>\n<p data-mce-fragment=\"1\">Resolution 640\u00d7480<\/p>\n<p data-mce-fragment=\"1\">Detection Range (6&#8242; object) 1200 m<\/p>\n<p data-mce-fragment=\"1\">Field of view (H \u00d7 X) 16.3\u00b0 \u00d7 12.3\u00b0 (H \u00d7 V)<\/p>\n<p data-mce-fragment=\"1\">Digital zoom 1\u00d7, 2\u00d7, 4\u00d7, 6\u00d7, 8\u00d7<\/p>\n<p data-mce-fragment=\"1\">Diopter adjustment range -5 to +2 dpt<\/p>\n<p data-mce-fragment=\"1\">Monitor 1024\u00d7768 OLED<\/p>\n<p data-mce-fragment=\"1\">Video output PAL video output via USB port<\/p>\n<p data-mce-fragment=\"1\">Battery Type One CR123A(3V) or RCR123(3.7V) or 18650(4.2V)<\/p>\n<p data-mce-fragment=\"1\">Battery Operating Time CR123A &#8211; up to 2.5 hours \/ RCR123 &#8211; up to 1.5 hours \/ 18650 &#8211; up to 4.5 hours<\/p>\n<p data-mce-fragment=\"1\">External power supply 5 VDC\/2 A, 1.5 W<\/p>\n<p data-mce-fragment=\"1\">Operating Temperature Range -20\u00b0C to 50\u00b0C (-4\u00b0F to 122\u00b0F)<\/p>\n<p data-mce-fragment=\"1\">Weight 220 g (7.8 oz)<\/p>\n<p data-mce-fragment=\"1\">Overall Dimensions 140 \u00d7 70 \u00d7 50 mm (5.5 \u00d7 2.7 \u00d7 2.0 in)<\/p>\n","protected":false},"excerpt":{"rendered":"<p>Description And features The AGM StingIR 640 miniature handheld observational thermal monocular is equipped with a 640\u00d7480, 12 micron, sub-25mK thermal detector and high-resolution OLED display. The StingIR is a&hellip;<\/p>\n","protected":false},"featured_media":84222,"comment_status":"open","ping_status":"closed","template":"","meta":[],"product_brand":[],"product_cat":[72],"product_tag":[310],"class_list":{"0":"post-83404","1":"product","2":"type-product","3":"status-publish","4":"has-post-thumbnail","6":"product_cat-uncategorized","7":"product_tag-thermal","9":"first","10":"outofstock","11":"shipping-taxable","12":"purchasable","13":"product-type-simple"},"_links":{"self":[{"href":"https:\/\/th.webtestsdev.com\/brushbeater-store\/wp-json\/wp\/v2\/product\/83404","targetHints":{"allow":["GET"]}}],"collection":[{"href":"https:\/\/th.webtestsdev.com\/brushbeater-store\/wp-json\/wp\/v2\/product"}],"about":[{"href":"https:\/\/th.webtestsdev.com\/brushbeater-store\/wp-json\/wp\/v2\/types\/product"}],"replies":[{"embeddable":true,"href":"https:\/\/th.webtestsdev.com\/brushbeater-store\/wp-json\/wp\/v2\/comments?post=83404"}],"wp:featuredmedia":[{"embeddable":true,"href":"https:\/\/th.webtestsdev.com\/brushbeater-store\/wp-json\/wp\/v2\/media\/84222"}],"wp:attachment":[{"href":"https:\/\/th.webtestsdev.com\/brushbeater-store\/wp-json\/wp\/v2\/media?parent=83404"}],"wp:term":[{"taxonomy":"product_brand","embeddable":true,"href":"https:\/\/th.webtestsdev.com\/brushbeater-store\/wp-json\/wp\/v2\/product_brand?post=83404"},{"taxonomy":"product_cat","embeddable":true,"href":"https:\/\/th.webtestsdev.com\/brushbeater-store\/wp-json\/wp\/v2\/product_cat?post=83404"},{"taxonomy":"product_tag","embeddable":true,"href":"https:\/\/th.webtestsdev.com\/brushbeater-store\/wp-json\/wp\/v2\/product_tag?post=83404"}],"curies":[{"name":"wp","href":"https:\/\/api.w.org\/{rel}","templated":true}]}}